{"id":723,"date":"2020-02-06T19:03:36","date_gmt":"2020-02-06T19:03:36","guid":{"rendered":"https:\/\/www1.inictel-uni.edu.pe\/?page_id=723"},"modified":"2020-02-06T19:03:36","modified_gmt":"2020-02-06T19:03:36","slug":"convocatorias-de-personal","status":"publish","type":"page","link":"https:\/\/www.inictel-uni.edu.pe\/inictel\/convocatorias-de-personal\/","title":{"rendered":"Convocatorias de Personal"},"content":{"rendered":"<p style=\"text-align: center;\">=== IMPORTANTE ===<\/p>\n<p>El contenido de esta pagina no se define aqu\u00ed, sino en la plantilla page_convocat.php. Por ello, esta entrada debe configurarse para mostrarse con la plantilla: &#8220;page_convocat&#8221;.<\/p>\n<p>Esta p\u00e1gina solo se crea como una forma de llamar a la plantilla page_convocat y para poder crearle accesos, f\u00e1cilmente, desde el men\u00fa de WordPress.<\/p>\n","protected":false},"excerpt":{"rendered":"<p>=== IMPORTANTE === El contenido de esta pagina no se define aqu\u00ed, sino en la plantilla page_convocat.php. Por ello, esta entrada debe configurarse para mostrarse con la plantilla: &#8220;page_convocat&#8221;. Esta p\u00e1gina solo se crea como una forma de llamar a la plantilla page_convocat y para poder crearle accesos, f\u00e1cilmente, desde el men\u00fa de WordPress.<\/p>\n","protected":false},"author":1,"featured_media":0,"parent":0,"menu_order":0,"comment_status":"closed","ping_status":"closed","template":"page_convocat.php","meta":{"_acf_changed":false,"footnotes":""},"class_list":["post-723","page","type-page","status-publish","hentry"],"acf":[],"_links":{"self":[{"href":"https:\/\/www.inictel-uni.edu.pe\/inictel\/wp-json\/wp\/v2\/pages\/723","targetHints":{"allow":["GET"]}}],"collection":[{"href":"https:\/\/www.inictel-uni.edu.pe\/inictel\/wp-json\/wp\/v2\/pages"}],"about":[{"href":"https:\/\/www.inictel-uni.edu.pe\/inictel\/wp-json\/wp\/v2\/types\/page"}],"author":[{"embeddable":true,"href":"https:\/\/www.inictel-uni.edu.pe\/inictel\/wp-json\/wp\/v2\/users\/1"}],"replies":[{"embeddable":true,"href":"https:\/\/www.inictel-uni.edu.pe\/inictel\/wp-json\/wp\/v2\/comments?post=723"}],"version-history":[{"count":0,"href":"https:\/\/www.inictel-uni.edu.pe\/inictel\/wp-json\/wp\/v2\/pages\/723\/revisions"}],"wp:attachment":[{"href":"https:\/\/www.inictel-uni.edu.pe\/inictel\/wp-json\/wp\/v2\/media?parent=723"}],"curies":[{"name":"wp","href":"https:\/\/api.w.org\/{rel}","templated":true}]}}