{"id":716,"date":"2020-02-06T15:14:40","date_gmt":"2020-02-06T15:14:40","guid":{"rendered":"https:\/\/www1.inictel-uni.edu.pe\/?page_id=716"},"modified":"2020-02-06T15:14:40","modified_gmt":"2020-02-06T15:14:40","slug":"direcciones-de-linea","status":"publish","type":"page","link":"https:\/\/www.inictel-uni.edu.pe\/inictel\/direcciones-de-linea\/","title":{"rendered":"Direcciones de L\u00ednea"},"content":{"rendered":"<h2>DIRECCI\u00d3N DE CAPACITACI\u00d3N Y TRANSFERENCIA TECNOL\u00d3GICA<\/h2>\n<p><strong>Contacto<\/strong><\/p>\n<p><!-- \/wp:post-content -->\n\n<!-- wp:list --><\/p>\n<ul>\n<li>Tel\u00e9fono: (511)-6261420<\/li>\n<\/ul>\n<p><!-- \/wp:list -->\n\n<!-- wp:paragraph --><\/p>\n<p>La Direcci\u00f3n de Capacitaci\u00f3n y Transferencia Tecnol\u00f3gica tiene a su cargo el desarrollo de estudios y servicios de asesor\u00eda consultor\u00eda en Tecnolog\u00edas de la Informaci\u00f3n y Comunicaci\u00f3n (TIC), actividades de transferencia tecnol\u00f3gica, el desarrollo de programas, proyectos de inter\u00e9s social, acciones de capacitaci\u00f3n en el \u00e1rea de Telecomunicaciones, servicios de asesor\u00eda t\u00e9cnica y soporte altamente especializados en telecomunicaciones.<\/p>\n<p><!-- \/wp:paragraph -->\n\n<!-- wp:paragraph --><\/p>\n<p>Asimismo formula, ejecuta proyectos de discapacidad y telecentros rurales, los cuales buscan que las TIC sean una herramienta a trav\u00e9s de la cual se logre la inclusi\u00f3n social de los sectores menos favorecidos, de esta manera permitir\u00e1n su integraci\u00f3n y participaci\u00f3n como ciudadanos.<\/p>\n<p><!-- \/wp:paragraph -->\n\n<!-- wp:paragraph --><\/p>\n<p>Del mismo modo busca generar capacidades empresariales a trav\u00e9s de Incubadoras de Empresas de bases tecnol\u00f3gicas y las Incubadoras Rurales, que contribuyen con la creaci\u00f3n, desarrollo de MYPES las cuales asesora y gu\u00eda en su proceso de formalizaci\u00f3n.<\/p>\n<p><!-- \/wp:paragraph -->\n\n<!-- wp:paragraph --><\/p>\n<p>Tiene como objetivo especializar y perfeccionar a los encargados de dirigir, o ejecutar servicios de telecomunicaciones a trav\u00e9s de los programas de postgrado, especializaci\u00f3n y actualizaci\u00f3n tanto de forma presencial como virtual, para ello cuenta con una excelente plana docente.<\/p>\n<p><!-- \/wp:paragraph -->\n\n<!-- wp:paragraph --><\/p>\n<p>Se brindan cursos de capacitaci\u00f3n a la poblaci\u00f3n beneficiaria de los proyectos de telecentros rurales implementados en diversas regiones del pa\u00eds como Puno, Cusco, Huancavelica, Ancash y Loreto, llegando actualmente a m\u00e1s de diez mil pobladores capacitados en el uso y manejo de las TIC.<\/p>\n<p><!-- \/wp:paragraph -->\n\n<!-- wp:paragraph --><\/p>\n<p>Se promueve el uso del software libre en las entidades del estado a trav\u00e9s de las universidades de nuestro pa\u00eds con el prop\u00f3sito de intercambiar experiencias, implementar programas pilotos en c\u00f3digo abierto, reducir gastos en licencias y ayudar a resolver el problema del uso ilegal de software, producto de investigaciones realizadas por nuestros profesionales en este campo, se ha logrado implementar el servicio VPN \u2013 Red Virtual Privada, el cual permite el monitoreo , administraci\u00f3n remota del ancho de banda utilizado en los telecentros rurales, siendo posible de este modo configurar y supervisar remotamente tanto los servidores como las estaciones de trabajo.<\/p>\n<p><!-- \/wp:paragraph -->\n\n<!-- wp:paragraph --><\/p>\n<p>Este desarrollo tambi\u00e9n ha permitido la comunicaci\u00f3n entre la estaci\u00f3n central entre el INICTEL-UNI y los telecentros de la red inal\u00e1mbrica de Puno mediante la telefon\u00eda IP, que permite la comunicaci\u00f3n no convencional utilizando una red de datos como el Internet, generando as\u00ed una reducci\u00f3n en los costos.<\/p>\n<p><!-- \/wp:paragraph -->\n\n<!-- wp:paragraph --><\/p>\n<p>El equipo multidisciplinario que trabaja en la Direcci\u00f3n de Proyectos y Transferencia de Conocimientos busca constantemente generar un cambio en nuestra sociedad a trav\u00e9s de la promoci\u00f3n de las Tecnolog\u00edas de la Informaci\u00f3n y Comunicaci\u00f3n aplicada a diversos campos, con el \u00fanico objetivo de reducir la brecha digital y de este modo contribuir con el desarrollo de nuestro pa\u00eds. \u00a0<\/p>\n<p>&nbsp;<\/p>\n<h2>DIRECCI\u00d3N DE INVESTIGACI\u00d3N Y DESARROLLO TECNOL\u00d3GICO<\/h2>\n<p><strong>Contacto<\/strong><\/p>\n<p><!-- \/wp:paragraph -->\n\n<!-- wp:list --><\/p>\n<ul>\n<li>Tel\u00e9fono: (511)-6261410<\/li>\n<\/ul>\n<p><!-- \/wp:list -->\n\n<!-- wp:paragraph --><\/p>\n<p>La Direcci\u00f3n de Investigaci\u00f3n y Desarrollo Tecnol\u00f3gico se encarga de planificar y ejecutar proyectos de investigaci\u00f3n cient\u00edfica y aplicada en Telecomunicaciones que permitan mejorar la calidad de vida del ser humano, participando en la Innovaci\u00f3n tecnol\u00f3gica y creaci\u00f3n de est\u00e1ndares de calidad cient\u00edfica.<\/p>\n<p><!-- \/wp:paragraph -->\n\n<!-- wp:paragraph --><\/p>\n<p><strong>Funciones:\u00a0<\/strong><\/p>\n<p><!-- \/wp:paragraph -->\n\n<!-- wp:list {\"ordered\":true} --><\/p>\n<ol>\n<li>Planificar y ejecutar proyectos de investigaci\u00f3n cient\u00edfica y aplicada en telecomunicaciones.<\/li>\n<li>Desarrollar aplicaciones que permitan una mayor interacci\u00f3n entre los usuarios a trav\u00e9s de una red de telecomunicaciones de manera \u00f3ptima.<\/li>\n<li>Planificar y ejecutar proyectos de investigaci\u00f3n relacionados con las nuevas arquitecturas de redes de banda ancha, avanzados protocolos de comunicaci\u00f3n, nuevas t\u00e9cnicas de seguridad en la informaci\u00f3n y t\u00e9cnicas de acceso.<\/li>\n<li>Investigar, dise\u00f1ar y desarrollar prototipos de terminales avanzados para la transmisi\u00f3n de la informaci\u00f3n, utilizando t\u00e9cnicas de procesamiento y transferencia de se\u00f1ales e im\u00e1genes de acuerdo a est\u00e1ndares de calidad.<\/li>\n<li>Participar en la difusi\u00f3n de conocimientos cient\u00edficos y tecnol\u00f3gicos en el \u00e1mbito de las telecomunicaciones.<\/li>\n<li>Promover la formaci\u00f3n de recursos humanos en investigaci\u00f3n cient\u00edfica y tecnol\u00f3gica en el \u00e1mbito de las telecomunicaciones.<\/li>\n<\/ol>\n<p>&nbsp;<\/p>\n<p>&nbsp;<\/p>","protected":false},"excerpt":{"rendered":"<p>DIRECCI\u00d3N DE CAPACITACI\u00d3N Y TRANSFERENCIA TECNOL\u00d3GICA Contacto Tel\u00e9fono: (511)-6261420 La Direcci\u00f3n de Capacitaci\u00f3n y Transferencia Tecnol\u00f3gica tiene a su cargo el desarrollo de estudios y servicios de asesor\u00eda consultor\u00eda en Tecnolog\u00edas de la Informaci\u00f3n y Comunicaci\u00f3n (TIC), actividades de transferencia tecnol\u00f3gica, el desarrollo de programas, proyectos de inter\u00e9s social, acciones de capacitaci\u00f3n en el \u00e1rea [&hellip;]<\/p>\n","protected":false},"author":1,"featured_media":0,"parent":0,"menu_order":0,"comment_status":"closed","ping_status":"closed","template":"","meta":{"_acf_changed":false,"footnotes":""},"class_list":["post-716","page","type-page","status-publish","hentry"],"acf":[],"_links":{"self":[{"href":"https:\/\/www.inictel-uni.edu.pe\/inictel\/wp-json\/wp\/v2\/pages\/716","targetHints":{"allow":["GET"]}}],"collection":[{"href":"https:\/\/www.inictel-uni.edu.pe\/inictel\/wp-json\/wp\/v2\/pages"}],"about":[{"href":"https:\/\/www.inictel-uni.edu.pe\/inictel\/wp-json\/wp\/v2\/types\/page"}],"author":[{"embeddable":true,"href":"https:\/\/www.inictel-uni.edu.pe\/inictel\/wp-json\/wp\/v2\/users\/1"}],"replies":[{"embeddable":true,"href":"https:\/\/www.inictel-uni.edu.pe\/inictel\/wp-json\/wp\/v2\/comments?post=716"}],"version-history":[{"count":0,"href":"https:\/\/www.inictel-uni.edu.pe\/inictel\/wp-json\/wp\/v2\/pages\/716\/revisions"}],"wp:attachment":[{"href":"https:\/\/www.inictel-uni.edu.pe\/inictel\/wp-json\/wp\/v2\/media?parent=716"}],"curies":[{"name":"wp","href":"https:\/\/api.w.org\/{rel}","templated":true}]}}