{"id":6492,"date":"2019-11-26T19:02:03","date_gmt":"2019-11-26T19:02:03","guid":{"rendered":"http:\/\/52.186.123.85\/wordpress\/?page_id=9"},"modified":"2019-11-26T19:02:03","modified_gmt":"2019-11-26T19:02:03","slug":"mision-vision-y-proposito","status":"publish","type":"page","link":"https:\/\/www.inictel-uni.edu.pe\/inictel\/mision-vision-y-proposito\/","title":{"rendered":"Misi\u00f3n, Visi\u00f3n y Prop\u00f3sito"},"content":{"rendered":"\n<div id=\"p_mision\">\n<p style=\"text-align: center;\">=== IMPORTANTE ===<\/p>\n<p>El contenido de esta pagina no se define aqu\u00ed, sino en la plantilla page_mision_vision.php. Por ello, esta entrada debe configurarse para mostrarse con esa plantilla.<\/p>\n<\/div>\n","protected":false},"excerpt":{"rendered":"<p>=== IMPORTANTE === El contenido de esta pagina no se define aqu\u00ed, sino en la plantilla page_mision_vision.php. Por ello, esta entrada debe configurarse para mostrarse con esa plantilla.<\/p>\n","protected":false},"author":1,"featured_media":0,"parent":0,"menu_order":0,"comment_status":"closed","ping_status":"closed","template":"page_mision_vision.php","meta":{"_acf_changed":false,"footnotes":""},"class_list":["post-6492","page","type-page","status-publish","hentry"],"acf":[],"_links":{"self":[{"href":"https:\/\/www.inictel-uni.edu.pe\/inictel\/wp-json\/wp\/v2\/pages\/6492","targetHints":{"allow":["GET"]}}],"collection":[{"href":"https:\/\/www.inictel-uni.edu.pe\/inictel\/wp-json\/wp\/v2\/pages"}],"about":[{"href":"https:\/\/www.inictel-uni.edu.pe\/inictel\/wp-json\/wp\/v2\/types\/page"}],"author":[{"embeddable":true,"href":"https:\/\/www.inictel-uni.edu.pe\/inictel\/wp-json\/wp\/v2\/users\/1"}],"replies":[{"embeddable":true,"href":"https:\/\/www.inictel-uni.edu.pe\/inictel\/wp-json\/wp\/v2\/comments?post=6492"}],"version-history":[{"count":0,"href":"https:\/\/www.inictel-uni.edu.pe\/inictel\/wp-json\/wp\/v2\/pages\/6492\/revisions"}],"wp:attachment":[{"href":"https:\/\/www.inictel-uni.edu.pe\/inictel\/wp-json\/wp\/v2\/media?parent=6492"}],"curies":[{"name":"wp","href":"https:\/\/api.w.org\/{rel}","templated":true}]}}