{"id":2103,"date":"2020-04-16T11:02:13","date_gmt":"2020-04-16T16:02:13","guid":{"rendered":"https:\/\/www1.inictel-uni.edu.pe\/?page_id=2103"},"modified":"2020-04-16T11:02:13","modified_gmt":"2020-04-16T16:02:13","slug":"seccion-investigacion","status":"publish","type":"page","link":"https:\/\/www.inictel-uni.edu.pe\/inictel\/seccion-investigacion\/","title":{"rendered":"Secci\u00f3n Investigaci\u00f3n"},"content":{"rendered":"<p>El contenido de esta pagina no se define aqu\u00ed, sino en la plantilla page_sec_investig.php. Por ello, debe configurarse para mostrarse con esta plantilla.<\/p>\n","protected":false},"excerpt":{"rendered":"<p>El contenido de esta pagina no se define aqu\u00ed, sino en la plantilla page_sec_investig.php. Por ello, debe configurarse para mostrarse con esta plantilla.<\/p>\n","protected":false},"author":1,"featured_media":0,"parent":0,"menu_order":0,"comment_status":"closed","ping_status":"closed","template":"page_sec_investig.php","meta":{"_acf_changed":false,"footnotes":""},"class_list":["post-2103","page","type-page","status-publish","hentry"],"acf":[],"_links":{"self":[{"href":"https:\/\/www.inictel-uni.edu.pe\/inictel\/wp-json\/wp\/v2\/pages\/2103","targetHints":{"allow":["GET"]}}],"collection":[{"href":"https:\/\/www.inictel-uni.edu.pe\/inictel\/wp-json\/wp\/v2\/pages"}],"about":[{"href":"https:\/\/www.inictel-uni.edu.pe\/inictel\/wp-json\/wp\/v2\/types\/page"}],"author":[{"embeddable":true,"href":"https:\/\/www.inictel-uni.edu.pe\/inictel\/wp-json\/wp\/v2\/users\/1"}],"replies":[{"embeddable":true,"href":"https:\/\/www.inictel-uni.edu.pe\/inictel\/wp-json\/wp\/v2\/comments?post=2103"}],"version-history":[{"count":0,"href":"https:\/\/www.inictel-uni.edu.pe\/inictel\/wp-json\/wp\/v2\/pages\/2103\/revisions"}],"wp:attachment":[{"href":"https:\/\/www.inictel-uni.edu.pe\/inictel\/wp-json\/wp\/v2\/media?parent=2103"}],"curies":[{"name":"wp","href":"https:\/\/api.w.org\/{rel}","templated":true}]}}